{"id":279,"date":"2025-02-06T18:41:29","date_gmt":"2025-02-06T18:41:29","guid":{"rendered":"https:\/\/kontekstikulture.me\/index.php\/o-nama\/"},"modified":"2026-02-15T20:31:55","modified_gmt":"2026-02-15T20:31:55","slug":"o-nama","status":"publish","type":"page","link":"https:\/\/kontekstikulture.me\/index.php\/o-nama\/","title":{"rendered":"O nama"},"content":{"rendered":"\t\t<div data-elementor-type=\"wp-page\" data-elementor-id=\"279\" class=\"elementor elementor-279\" data-elementor-post-type=\"page\">\n\t\t\t\t<div class=\"elementor-element elementor-element-408b3ffe e-flex e-con-boxed e-con e-parent\" data-id=\"408b3ffe\" data-element_type=\"container\" data-e-type=\"container\" data-settings=\"{&quot;background_background&quot;:&quot;classic&quot;}\">\n\t\t\t\t\t<div class=\"e-con-inner\">\n\t\t<div class=\"elementor-element elementor-element-9c23874 e-con-full e-flex e-con e-child\" data-id=\"9c23874\" data-element_type=\"container\" data-e-type=\"container\">\n\t\t\t\t<div class=\"elementor-element elementor-element-2f566a6b elementor-widget elementor-widget-heading\" data-id=\"2f566a6b\" data-element_type=\"widget\" data-e-type=\"widget\" data-widget_type=\"heading.default\">\n\t\t\t\t<div class=\"elementor-widget-container\">\n\t\t\t\t\t<h2 class=\"elementor-heading-title elementor-size-default\">Konteksti kulture<\/h2>\t\t\t\t<\/div>\n\t\t\t\t<\/div>\n\t\t\t\t<div class=\"elementor-element elementor-element-1e2bcce elementor-widget elementor-widget-text-editor\" data-id=\"1e2bcce\" data-element_type=\"widget\" data-e-type=\"widget\" data-widget_type=\"text-editor.default\">\n\t\t\t\t<div class=\"elementor-widget-container\">\n\t\t\t\t\t\t\t\t\t<p>\u010casopis <em>Konteksti kulture: studije iz humanistike i umjetnosti <\/em>i portal <em>Konteksti kulture<\/em>, u izdanju nevladinog udru\u017eenja Dru\u0161tva za kulturni razvoj \u201eBauo\u201c iz Petrovca na Moru, pokrenuli su 2023. godine Du\u0161an Medin (izvr\u0161ni direktor Dru\u0161tva) i Stanka Jankovi\u0107 Pivljanin.<\/p>\n<p>CIlj ovog izdava\u010dkog poduhvata jeste da u fokus interdisciplinarnih i multidisciplinarnih humanisti\u010dkih istra\u017eivanja \u2013 arheologije, istorije umjetnosti, istorije, etnologije, kulturne\/socijalne antropologije, muzeologije, heritologije, muzikologije, knji\u017eevnosti, lingvistike&#8230; \u2013 postavi bogato kulturno naslje\u0111e nastalo na prostoru dana\u0161nje Crne Gore, Balkana i Mediterana.<\/p>\n<p>Premre\u017een uticajima razli\u010ditih kultura i civilizacija koje su na njemu ostavile traga, ovaj prostor stolje\u0107ima je bivstvovao kao polje dinami\u010dne razmjene, u kome su se smjenjivale, premre\u017eavale, me\u0111usobno nadilazile i asimilovale razli\u010dite kulturolo\u0161ke paradigme, formiraju\u0107i, lotmanovski re\u010deno, razli\u010dite semiosfere, u kojima su se neprestano konstruisali, pomjerali i obnavljali razli\u010diti semioti\u010dki kodovi. Dekodiranje tih kodova u datom prostoru i vremenu ne zna\u010di samo otkrivanje granica i semioti\u010dkih sfera jednog svijeta koji je i\u0161\u010dezao, ve\u0107 i na\u010dina na koji je on oblikovao i na\u0161 dana\u0161nji.<\/p>\t\t\t\t\t\t\t\t<\/div>\n\t\t\t\t<\/div>\n\t\t\t\t<\/div>\n\t\t\t\t\t<\/div>\n\t\t\t\t<\/div>\n\t\t<div class=\"elementor-element elementor-element-10384a00 e-flex e-con-boxed e-con e-parent\" data-id=\"10384a00\" data-element_type=\"container\" data-e-type=\"container\">\n\t\t\t\t\t<div class=\"e-con-inner\">\n\t\t<div class=\"elementor-element elementor-element-36e9c58c e-flex e-con-boxed e-con e-child\" data-id=\"36e9c58c\" data-element_type=\"container\" data-e-type=\"container\">\n\t\t\t\t\t<div class=\"e-con-inner\">\n\t\t\t\t<div class=\"elementor-element elementor-element-1cb3c8c6 elementor-widget elementor-widget-heading\" data-id=\"1cb3c8c6\" data-element_type=\"widget\" data-e-type=\"widget\" data-widget_type=\"heading.default\">\n\t\t\t\t<div class=\"elementor-widget-container\">\n\t\t\t\t\t<h2 class=\"elementor-heading-title elementor-size-default\">Redakcija<\/h2>\t\t\t\t<\/div>\n\t\t\t\t<\/div>\n\t\t\t\t\t<\/div>\n\t\t\t\t<\/div>\n\t\t<div class=\"elementor-element elementor-element-791d6a3 e-con-full e-flex e-con e-child\" data-id=\"791d6a3\" data-element_type=\"container\" data-e-type=\"container\">\n\t\t\t\t<div class=\"elementor-element elementor-element-3204ee43 elementor-widget__width-initial elementor-widget-tablet__width-initial elementor-widget-mobile__width-inherit elementor-cta--skin-classic elementor-animated-content elementor-widget elementor-widget-call-to-action\" data-id=\"3204ee43\" data-element_type=\"widget\" data-e-type=\"widget\" data-widget_type=\"call-to-action.default\">\n\t\t\t\t<div class=\"elementor-widget-container\">\n\t\t\t\t\t\t\t<div class=\"elementor-cta\">\n\t\t\t\t\t\t\t<div class=\"elementor-cta__content\">\n\t\t\t\t\n\t\t\t\t\t\t\t\t\t<div class=\"elementor-cta__title elementor-cta__content-item elementor-content-item\">\n\t\t\t\t\t\tprof. dr Edin Ja\u0161arovi\u0107\t\t\t\t\t<\/div>\n\t\t\t\t\n\t\t\t\t\t\t\t\t\t<div class=\"elementor-cta__description elementor-cta__content-item elementor-content-item\">\n\t\t\t\t\t\tglavni urednik\t\t\t\t\t<\/div>\n\t\t\t\t\n\t\t\t\t\t\t\t<\/div>\n\t\t\t\t\t\t<\/div>\n\t\t\t\t\t\t<\/div>\n\t\t\t\t<\/div>\n\t\t\t\t<div class=\"elementor-element elementor-element-37e645e3 elementor-widget__width-initial elementor-widget-tablet__width-initial elementor-widget-mobile__width-inherit elementor-cta--skin-classic elementor-animated-content elementor-widget elementor-widget-call-to-action\" data-id=\"37e645e3\" data-element_type=\"widget\" data-e-type=\"widget\" data-widget_type=\"call-to-action.default\">\n\t\t\t\t<div class=\"elementor-widget-container\">\n\t\t\t\t\t\t\t<div class=\"elementor-cta\">\n\t\t\t\t\t\t\t<div class=\"elementor-cta__content\">\n\t\t\t\t\n\t\t\t\t\t\t\t\t\t<div class=\"elementor-cta__title elementor-cta__content-item elementor-content-item\">\n\t\t\t\t\t\tStanka Jankovi\u0107 Pivljanin\t\t\t\t\t<\/div>\n\t\t\t\t\n\t\t\t\t\t\t\t\t\t<div class=\"elementor-cta__description elementor-cta__content-item elementor-content-item\">\n\t\t\t\t\t\tlektorka (bchs jezik)\t\t\t\t\t<\/div>\n\t\t\t\t\n\t\t\t\t\t\t\t<\/div>\n\t\t\t\t\t\t<\/div>\n\t\t\t\t\t\t<\/div>\n\t\t\t\t<\/div>\n\t\t\t\t<div class=\"elementor-element elementor-element-35b5a1a8 elementor-widget__width-initial elementor-widget-tablet__width-initial elementor-widget-mobile__width-inherit elementor-cta--skin-classic elementor-animated-content elementor-widget elementor-widget-call-to-action\" data-id=\"35b5a1a8\" data-element_type=\"widget\" data-e-type=\"widget\" data-widget_type=\"call-to-action.default\">\n\t\t\t\t<div class=\"elementor-widget-container\">\n\t\t\t\t\t\t\t<div class=\"elementor-cta\">\n\t\t\t\t\t\t\t<div class=\"elementor-cta__content\">\n\t\t\t\t\n\t\t\t\t\t\t\t\t\t<div class=\"elementor-cta__title elementor-cta__content-item elementor-content-item\">\n\t\t\t\t\t\tJasmina Bajo\t\t\t\t\t<\/div>\n\t\t\t\t\n\t\t\t\t\t\t\t\t\t<div class=\"elementor-cta__description elementor-cta__content-item elementor-content-item\">\n\t\t\t\t\t\tkorektorka (bchs jezik)\t\t\t\t\t<\/div>\n\t\t\t\t\n\t\t\t\t\t\t\t<\/div>\n\t\t\t\t\t\t<\/div>\n\t\t\t\t\t\t<\/div>\n\t\t\t\t<\/div>\n\t\t\t\t<div class=\"elementor-element elementor-element-eb959e8 elementor-widget__width-initial elementor-widget-tablet__width-initial elementor-widget-mobile__width-inherit elementor-cta--skin-classic elementor-animated-content elementor-widget elementor-widget-call-to-action\" data-id=\"eb959e8\" data-element_type=\"widget\" data-e-type=\"widget\" data-widget_type=\"call-to-action.default\">\n\t\t\t\t<div class=\"elementor-widget-container\">\n\t\t\t\t\t\t\t<div class=\"elementor-cta\">\n\t\t\t\t\t\t\t<div class=\"elementor-cta__content\">\n\t\t\t\t\n\t\t\t\t\t\t\t\t\t<div class=\"elementor-cta__title elementor-cta__content-item elementor-content-item\">\n\t\t\t\t\t\tMilica Stani\u0107 Radonji\u0107\t\t\t\t\t<\/div>\n\t\t\t\t\n\t\t\t\t\t\t\t\t\t<div class=\"elementor-cta__description elementor-cta__content-item elementor-content-item\">\n\t\t\t\t\t\tprevoditeljka (engleski jezik)\t\t\t\t\t<\/div>\n\t\t\t\t\n\t\t\t\t\t\t\t<\/div>\n\t\t\t\t\t\t<\/div>\n\t\t\t\t\t\t<\/div>\n\t\t\t\t<\/div>\n\t\t\t\t<div class=\"elementor-element elementor-element-6c2af0cc elementor-widget__width-initial elementor-widget-tablet__width-initial elementor-widget-mobile__width-inherit elementor-cta--skin-classic elementor-animated-content elementor-widget elementor-widget-call-to-action\" data-id=\"6c2af0cc\" data-element_type=\"widget\" data-e-type=\"widget\" data-widget_type=\"call-to-action.default\">\n\t\t\t\t<div class=\"elementor-widget-container\">\n\t\t\t\t\t\t\t<div class=\"elementor-cta\">\n\t\t\t\t\t\t\t<div class=\"elementor-cta__content\">\n\t\t\t\t\n\t\t\t\t\t\t\t\t\t<div class=\"elementor-cta__title elementor-cta__content-item elementor-content-item\">\n\t\t\t\t\t\tDu\u0161an Medin\t\t\t\t\t<\/div>\n\t\t\t\t\n\t\t\t\t\n\t\t\t\t\t\t\t<\/div>\n\t\t\t\t\t\t<\/div>\n\t\t\t\t\t\t<\/div>\n\t\t\t\t<\/div>\n\t\t\t\t<\/div>\n\t\t\t\t\t<\/div>\n\t\t\t\t<\/div>\n\t\t\t\t<\/div>\n\t\t","protected":false},"excerpt":{"rendered":"<p>Konteksti kulture \u010casopis Konteksti kulture: studije iz humanistike i umjetnosti i portal Konteksti kulture, u izdanju nevladinog udru\u017eenja Dru\u0161tva za kulturni razvoj \u201eBauo\u201c iz Petrovca na Moru, pokrenuli su 2023. godine Du\u0161an Medin (izvr\u0161ni direktor Dru\u0161tva) i Stanka Jankovi\u0107 Pivljanin. CIlj ovog izdava\u010dkog poduhvata jeste da u fokus interdisciplinarnih i multidisciplinarnih humanisti\u010dkih istra\u017eivanja \u2013 arheologije, [&hellip;]<\/p>\n","protected":false},"author":1,"featured_media":0,"parent":0,"menu_order":0,"comment_status":"closed","ping_status":"closed","template":"elementor_header_footer","meta":{"footnotes":""},"class_list":["post-279","page","type-page","status-publish","hentry"],"_links":{"self":[{"href":"https:\/\/kontekstikulture.me\/index.php\/wp-json\/wp\/v2\/pages\/279","targetHints":{"allow":["GET"]}}],"collection":[{"href":"https:\/\/kontekstikulture.me\/index.php\/wp-json\/wp\/v2\/pages"}],"about":[{"href":"https:\/\/kontekstikulture.me\/index.php\/wp-json\/wp\/v2\/types\/page"}],"author":[{"embeddable":true,"href":"https:\/\/kontekstikulture.me\/index.php\/wp-json\/wp\/v2\/users\/1"}],"replies":[{"embeddable":true,"href":"https:\/\/kontekstikulture.me\/index.php\/wp-json\/wp\/v2\/comments?post=279"}],"version-history":[{"count":67,"href":"https:\/\/kontekstikulture.me\/index.php\/wp-json\/wp\/v2\/pages\/279\/revisions"}],"predecessor-version":[{"id":1701,"href":"https:\/\/kontekstikulture.me\/index.php\/wp-json\/wp\/v2\/pages\/279\/revisions\/1701"}],"wp:attachment":[{"href":"https:\/\/kontekstikulture.me\/index.php\/wp-json\/wp\/v2\/media?parent=279"}],"curies":[{"name":"wp","href":"https:\/\/api.w.org\/{rel}","templated":true}]}}