{"id":950,"date":"2025-02-07T16:53:24","date_gmt":"2025-02-07T16:53:24","guid":{"rendered":"https:\/\/kontekstikulture.me\/?page_id=950"},"modified":"2025-02-09T19:45:19","modified_gmt":"2025-02-09T19:45:19","slug":"prikazi","status":"publish","type":"page","link":"https:\/\/kontekstikulture.me\/index.php\/prikazi\/","title":{"rendered":"Prikazi"},"content":{"rendered":"\t\t<div data-elementor-type=\"wp-page\" data-elementor-id=\"950\" class=\"elementor elementor-950\" data-elementor-post-type=\"page\">\n\t\t\t\t<div class=\"elementor-element elementor-element-66d901b e-flex e-con-boxed e-con e-parent\" data-id=\"66d901b\" data-element_type=\"container\" data-e-type=\"container\">\n\t\t\t\t\t<div class=\"e-con-inner\">\n\t\t\t\t<div class=\"elementor-element elementor-element-07a0517 elementor-widget elementor-widget-heading\" data-id=\"07a0517\" data-element_type=\"widget\" data-e-type=\"widget\" data-widget_type=\"heading.default\">\n\t\t\t\t<div class=\"elementor-widget-container\">\n\t\t\t\t\t<h2 class=\"elementor-heading-title elementor-size-default\">Prikazi<\/h2>\t\t\t\t<\/div>\n\t\t\t\t<\/div>\n\t\t\t\t<div class=\"elementor-element elementor-element-fd3dd13 elementor-grid-tablet-3 elementor-grid-3 elementor-grid-mobile-1 elementor-posts--thumbnail-top elementor-widget elementor-widget-posts\" data-id=\"fd3dd13\" data-element_type=\"widget\" data-e-type=\"widget\" data-settings=\"{&quot;classic_columns_tablet&quot;:&quot;3&quot;,&quot;classic_row_gap&quot;:{&quot;unit&quot;:&quot;px&quot;,&quot;size&quot;:0,&quot;sizes&quot;:[]},&quot;classic_columns&quot;:&quot;3&quot;,&quot;classic_columns_mobile&quot;:&quot;1&quot;,&quot;classic_row_gap_tablet&quot;:{&quot;unit&quot;:&quot;px&quot;,&quot;size&quot;:&quot;&quot;,&quot;sizes&quot;:[]},&quot;classic_row_gap_mobile&quot;:{&quot;unit&quot;:&quot;px&quot;,&quot;size&quot;:&quot;&quot;,&quot;sizes&quot;:[]}}\" data-widget_type=\"posts.classic\">\n\t\t\t\t<div class=\"elementor-widget-container\">\n\t\t\t\t\t\t\t<div class=\"elementor-posts-container elementor-posts elementor-posts--skin-classic elementor-grid\" role=\"list\">\n\t\t\t\t<article class=\"elementor-post elementor-grid-item post-1243 post type-post status-publish format-standard has-post-thumbnail hentry category-prikazi\" role=\"listitem\">\n\t\t\t\t<a class=\"elementor-post__thumbnail__link\" href=\"https:\/\/kontekstikulture.me\/index.php\/2026\/03\/03\/edin-jasarovic-zbornik-radova-staklo-naslede-umetnost-kreativna-ekonomija-tehnologija-ur-hristina-mikic\/\" tabindex=\"-1\" >\n\t\t\t<div class=\"elementor-post__thumbnail\"><img fetchpriority=\"high\" decoding=\"async\" width=\"800\" height=\"534\" src=\"https:\/\/kontekstikulture.me\/wp-content\/uploads\/2026\/03\/Staklo-nasledje-umetnost-kreativna-ekonomija-1024x683.jpg\" class=\"attachment-large size-large wp-image-1541\" alt=\"\" srcset=\"https:\/\/kontekstikulture.me\/wp-content\/uploads\/2026\/03\/Staklo-nasledje-umetnost-kreativna-ekonomija-1024x683.jpg 1024w, https:\/\/kontekstikulture.me\/wp-content\/uploads\/2026\/03\/Staklo-nasledje-umetnost-kreativna-ekonomija-300x200.jpg 300w, https:\/\/kontekstikulture.me\/wp-content\/uploads\/2026\/03\/Staklo-nasledje-umetnost-kreativna-ekonomija-768x512.jpg 768w, https:\/\/kontekstikulture.me\/wp-content\/uploads\/2026\/03\/Staklo-nasledje-umetnost-kreativna-ekonomija.jpg 1191w\" sizes=\"(max-width: 800px) 100vw, 800px\" \/><\/div>\n\t\t<\/a>\n\t\t\t\t<div class=\"elementor-post__text\">\n\t\t\t\t<h3 class=\"elementor-post__title\">\n\t\t\t<a href=\"https:\/\/kontekstikulture.me\/index.php\/2026\/03\/03\/edin-jasarovic-zbornik-radova-staklo-naslede-umetnost-kreativna-ekonomija-tehnologija-ur-hristina-mikic\/\" >\n\t\t\t\tEdin Ja\u0161arovi\u0107 | Zbornik radova \u201eStaklo: nasle\u0111e, umetnost, kreativna ekonomija, tehnologija\u201c (ur. Hristina Miki\u0107)\t\t\t<\/a>\n\t\t<\/h3>\n\t\t\t\t<div class=\"elementor-post__meta-data\">\n\t\t\t\t\t<span class=\"elementor-post-date\">\n\t\t\tMarch 3, 2026\t\t<\/span>\n\t\t\t\t<\/div>\n\t\t\n\t\t<a class=\"elementor-post__read-more\" href=\"https:\/\/kontekstikulture.me\/index.php\/2026\/03\/03\/edin-jasarovic-zbornik-radova-staklo-naslede-umetnost-kreativna-ekonomija-tehnologija-ur-hristina-mikic\/\" aria-label=\"Read more about Edin Ja\u0161arovi\u0107 | Zbornik radova \u201eStaklo: nasle\u0111e, umetnost, kreativna ekonomija, tehnologija\u201c (ur. Hristina Miki\u0107)\" tabindex=\"-1\" >\n\t\t\t\t\t<\/a>\n\n\t\t\t\t<\/div>\n\t\t\t\t<\/article>\n\t\t\t\t<article class=\"elementor-post elementor-grid-item post-1241 post type-post status-publish format-standard has-post-thumbnail hentry category-prikazi\" role=\"listitem\">\n\t\t\t\t<a class=\"elementor-post__thumbnail__link\" href=\"https:\/\/kontekstikulture.me\/index.php\/2026\/01\/03\/zvonimir-drvar-svila-zmajevi-i-papir-zvonimira-stopica-i-gorana-durdevica\/\" tabindex=\"-1\" >\n\t\t\t<div class=\"elementor-post__thumbnail\"><img decoding=\"async\" width=\"800\" height=\"480\" src=\"https:\/\/kontekstikulture.me\/wp-content\/uploads\/2025\/07\/kk-3Artboard-2-copy-6@4x-100-1024x614.jpg\" class=\"attachment-large size-large wp-image-1373\" alt=\"\" srcset=\"https:\/\/kontekstikulture.me\/wp-content\/uploads\/2025\/07\/kk-3Artboard-2-copy-6@4x-100-1024x614.jpg 1024w, https:\/\/kontekstikulture.me\/wp-content\/uploads\/2025\/07\/kk-3Artboard-2-copy-6@4x-100-300x180.jpg 300w, https:\/\/kontekstikulture.me\/wp-content\/uploads\/2025\/07\/kk-3Artboard-2-copy-6@4x-100-768x461.jpg 768w, https:\/\/kontekstikulture.me\/wp-content\/uploads\/2025\/07\/kk-3Artboard-2-copy-6@4x-100-1536x922.jpg 1536w, https:\/\/kontekstikulture.me\/wp-content\/uploads\/2025\/07\/kk-3Artboard-2-copy-6@4x-100-2048x1229.jpg 2048w\" sizes=\"(max-width: 800px) 100vw, 800px\" \/><\/div>\n\t\t<\/a>\n\t\t\t\t<div class=\"elementor-post__text\">\n\t\t\t\t<h3 class=\"elementor-post__title\">\n\t\t\t<a href=\"https:\/\/kontekstikulture.me\/index.php\/2026\/01\/03\/zvonimir-drvar-svila-zmajevi-i-papir-zvonimira-stopica-i-gorana-durdevica\/\" >\n\t\t\t\tZvonimir Drvar\u00a0| \u201eSvila, zmajevi i papir\u201d Zvonimira Stopi\u0107a i Gorana \u0110ur\u0111evica\t\t\t<\/a>\n\t\t<\/h3>\n\t\t\t\t<div class=\"elementor-post__meta-data\">\n\t\t\t\t\t<span class=\"elementor-post-date\">\n\t\t\tJanuary 3, 2026\t\t<\/span>\n\t\t\t\t<\/div>\n\t\t\n\t\t<a class=\"elementor-post__read-more\" href=\"https:\/\/kontekstikulture.me\/index.php\/2026\/01\/03\/zvonimir-drvar-svila-zmajevi-i-papir-zvonimira-stopica-i-gorana-durdevica\/\" aria-label=\"Read more about Zvonimir Drvar\u00a0| \u201eSvila, zmajevi i papir\u201d Zvonimira Stopi\u0107a i Gorana \u0110ur\u0111evica\" tabindex=\"-1\" >\n\t\t\t\t\t<\/a>\n\n\t\t\t\t<\/div>\n\t\t\t\t<\/article>\n\t\t\t\t<article class=\"elementor-post elementor-grid-item post-1309 post type-post status-publish format-standard has-post-thumbnail hentry category-prikazi\" role=\"listitem\">\n\t\t\t\t<a class=\"elementor-post__thumbnail__link\" href=\"https:\/\/kontekstikulture.me\/index.php\/2025\/08\/11\/stanka-jankovic-pivljanin-ex-catharensia-kratak-jezicki-vodic-kroz-istoriju-kotora-ljiljane-kascelan\/\" tabindex=\"-1\" >\n\t\t\t<div class=\"elementor-post__thumbnail\"><img decoding=\"async\" width=\"800\" height=\"480\" src=\"https:\/\/kontekstikulture.me\/wp-content\/uploads\/2025\/08\/kk-2-hArtboard-13@4x-100-1024x614.jpg\" class=\"attachment-large size-large wp-image-1441\" alt=\"\" srcset=\"https:\/\/kontekstikulture.me\/wp-content\/uploads\/2025\/08\/kk-2-hArtboard-13@4x-100-1024x614.jpg 1024w, https:\/\/kontekstikulture.me\/wp-content\/uploads\/2025\/08\/kk-2-hArtboard-13@4x-100-300x180.jpg 300w, https:\/\/kontekstikulture.me\/wp-content\/uploads\/2025\/08\/kk-2-hArtboard-13@4x-100-768x461.jpg 768w, https:\/\/kontekstikulture.me\/wp-content\/uploads\/2025\/08\/kk-2-hArtboard-13@4x-100-1536x922.jpg 1536w, https:\/\/kontekstikulture.me\/wp-content\/uploads\/2025\/08\/kk-2-hArtboard-13@4x-100-2048x1229.jpg 2048w\" sizes=\"(max-width: 800px) 100vw, 800px\" \/><\/div>\n\t\t<\/a>\n\t\t\t\t<div class=\"elementor-post__text\">\n\t\t\t\t<h3 class=\"elementor-post__title\">\n\t\t\t<a href=\"https:\/\/kontekstikulture.me\/index.php\/2025\/08\/11\/stanka-jankovic-pivljanin-ex-catharensia-kratak-jezicki-vodic-kroz-istoriju-kotora-ljiljane-kascelan\/\" >\n\t\t\t\tStanka Jankovi\u0107 Pivljanin | \u201eEx Catharensia: Kratak jezi\u010dki vodi\u010d kroz istoriju Kotora\u201c Ljiljane Ka\u0161\u0107elan\t\t\t<\/a>\n\t\t<\/h3>\n\t\t\t\t<div class=\"elementor-post__meta-data\">\n\t\t\t\t\t<span class=\"elementor-post-date\">\n\t\t\tAugust 11, 2025\t\t<\/span>\n\t\t\t\t<\/div>\n\t\t\n\t\t<a class=\"elementor-post__read-more\" href=\"https:\/\/kontekstikulture.me\/index.php\/2025\/08\/11\/stanka-jankovic-pivljanin-ex-catharensia-kratak-jezicki-vodic-kroz-istoriju-kotora-ljiljane-kascelan\/\" aria-label=\"Read more about Stanka Jankovi\u0107 Pivljanin | \u201eEx Catharensia: Kratak jezi\u010dki vodi\u010d kroz istoriju Kotora\u201c Ljiljane Ka\u0161\u0107elan\" tabindex=\"-1\" >\n\t\t\t\t\t<\/a>\n\n\t\t\t\t<\/div>\n\t\t\t\t<\/article>\n\t\t\t\t<article class=\"elementor-post elementor-grid-item post-1011 post type-post status-publish format-standard has-post-thumbnail hentry category-prikazi\" role=\"listitem\">\n\t\t\t\t<a class=\"elementor-post__thumbnail__link\" href=\"https:\/\/kontekstikulture.me\/index.php\/2025\/02\/07\/casopis-konteksti-kulture-studije-iz-humanistike-i-umjetnosti-i\/\" tabindex=\"-1\" >\n\t\t\t<div class=\"elementor-post__thumbnail\"><img loading=\"lazy\" decoding=\"async\" width=\"800\" height=\"800\" src=\"https:\/\/kontekstikulture.me\/wp-content\/uploads\/2025\/02\/KK1_-1-1024x1024.jpg\" class=\"attachment-large size-large wp-image-1014\" alt=\"\" srcset=\"https:\/\/kontekstikulture.me\/wp-content\/uploads\/2025\/02\/KK1_-1-1024x1024.jpg 1024w, https:\/\/kontekstikulture.me\/wp-content\/uploads\/2025\/02\/KK1_-1-300x300.jpg 300w, https:\/\/kontekstikulture.me\/wp-content\/uploads\/2025\/02\/KK1_-1-150x150.jpg 150w, https:\/\/kontekstikulture.me\/wp-content\/uploads\/2025\/02\/KK1_-1-768x768.jpg 768w, https:\/\/kontekstikulture.me\/wp-content\/uploads\/2025\/02\/KK1_-1-1536x1536.jpg 1536w, https:\/\/kontekstikulture.me\/wp-content\/uploads\/2025\/02\/KK1_-1.jpg 1600w\" sizes=\"(max-width: 800px) 100vw, 800px\" \/><\/div>\n\t\t<\/a>\n\t\t\t\t<div class=\"elementor-post__text\">\n\t\t\t\t<h3 class=\"elementor-post__title\">\n\t\t\t<a href=\"https:\/\/kontekstikulture.me\/index.php\/2025\/02\/07\/casopis-konteksti-kulture-studije-iz-humanistike-i-umjetnosti-i\/\" >\n\t\t\t\t\u010casopis \u201eKonteksti kulture: studije iz humanistike i umjetnosti\u201c I\/2023.\t\t\t<\/a>\n\t\t<\/h3>\n\t\t\t\t<div class=\"elementor-post__meta-data\">\n\t\t\t\t\t<span class=\"elementor-post-date\">\n\t\t\tFebruary 7, 2025\t\t<\/span>\n\t\t\t\t<\/div>\n\t\t\n\t\t<a class=\"elementor-post__read-more\" href=\"https:\/\/kontekstikulture.me\/index.php\/2025\/02\/07\/casopis-konteksti-kulture-studije-iz-humanistike-i-umjetnosti-i\/\" aria-label=\"Read more about \u010casopis \u201eKonteksti kulture: studije iz humanistike i umjetnosti\u201c I\/2023.\" tabindex=\"-1\" >\n\t\t\t\t\t<\/a>\n\n\t\t\t\t<\/div>\n\t\t\t\t<\/article>\n\t\t\t\t<\/div>\n\t\t\n\t\t\t\t\t\t<\/div>\n\t\t\t\t<\/div>\n\t\t\t\t\t<\/div>\n\t\t\t\t<\/div>\n\t\t\t\t<\/div>\n\t\t","protected":false},"excerpt":{"rendered":"<p>Prikazi<\/p>\n","protected":false},"author":1,"featured_media":0,"parent":0,"menu_order":0,"comment_status":"closed","ping_status":"closed","template":"elementor_header_footer","meta":{"footnotes":""},"class_list":["post-950","page","type-page","status-publish","hentry"],"_links":{"self":[{"href":"https:\/\/kontekstikulture.me\/index.php\/wp-json\/wp\/v2\/pages\/950","targetHints":{"allow":["GET"]}}],"collection":[{"href":"https:\/\/kontekstikulture.me\/index.php\/wp-json\/wp\/v2\/pages"}],"about":[{"href":"https:\/\/kontekstikulture.me\/index.php\/wp-json\/wp\/v2\/types\/page"}],"author":[{"embeddable":true,"href":"https:\/\/kontekstikulture.me\/index.php\/wp-json\/wp\/v2\/users\/1"}],"replies":[{"embeddable":true,"href":"https:\/\/kontekstikulture.me\/index.php\/wp-json\/wp\/v2\/comments?post=950"}],"version-history":[{"count":7,"href":"https:\/\/kontekstikulture.me\/index.php\/wp-json\/wp\/v2\/pages\/950\/revisions"}],"predecessor-version":[{"id":1103,"href":"https:\/\/kontekstikulture.me\/index.php\/wp-json\/wp\/v2\/pages\/950\/revisions\/1103"}],"wp:attachment":[{"href":"https:\/\/kontekstikulture.me\/index.php\/wp-json\/wp\/v2\/media?parent=950"}],"curies":[{"name":"wp","href":"https:\/\/api.w.org\/{rel}","templated":true}]}}